{"id":55,"date":"2025-02-08T13:27:58","date_gmt":"2025-02-08T13:27:58","guid":{"rendered":"https:\/\/italienbyran.se\/?page_id=55"},"modified":"2025-06-01T03:47:32","modified_gmt":"2025-06-01T03:47:32","slug":"om-oss","status":"publish","type":"page","link":"https:\/\/italienbyran.se\/index.php\/om-oss\/","title":{"rendered":"Om Italienbyr\u00e5n"},"content":{"rendered":"\t\t<div data-elementor-type=\"wp-page\" data-elementor-id=\"55\" class=\"elementor elementor-55\">\n\t\t\t\t<div class=\"elementor-element elementor-element-483d0fba e-flex e-con-boxed e-con e-parent\" data-id=\"483d0fba\" data-element_type=\"container\">\n\t\t\t\t\t<div class=\"e-con-inner\">\n\t\t\t\t<div class=\"elementor-element elementor-element-25571087 elementor-widget elementor-widget-text-editor\" data-id=\"25571087\" data-element_type=\"widget\" data-widget_type=\"text-editor.default\">\n\t\t\t\t<div class=\"elementor-widget-container\">\n\t\t\t\t\t\t\t\t\t\n<p>Italienbyr\u00e5n AB drivs av mig, Karin Persson. Jag har \u00f6ver tjugo \u00e5rs erfarenhet av att jobba i och med Italien, bland annat som journalist. Under m\u00e5nga \u00e5r var jag reporter med Italien som specialomr\u00e5de, f\u00f6r Aftonbladet, Svenska Dagbladet och en l\u00e5ng rad magasin. De senaste \u00e5ren har jag arbetat som kommunikat\u00f6r.<\/p>\n\n<p>Italienbyr\u00e5n erbjuder tj\u00e4nster inom kommunikation, kontaktbyggande och r\u00e5dgivning vid en rad \u00e4renden i Italien. Det kan till exempel handla om husk\u00f6p, uthyrning, kommunikation med myndigheter, m\u00e4klare eller hantverkare.<\/p>\n\n<p>Vi har ett stort n\u00e4tverk i Italien med en rad kunniga specialister i olika yrkeskategorier, till exempel m\u00e4klare, geometra (byggtekniker), arkitekter och jurister.<\/p>\n\n<p>I alla juridiska \u00e4renden samarbetar Italienbyr\u00e5n med advokatbyr\u00e5n S&amp;P Law Firm i Perugia i Italien. Byr\u00e5n \u00e4r specialiserad p\u00e5 att hj\u00e4lpa utl\u00e4ndska husk\u00f6pare i Italien.<\/p>\n\n<p>Vill du veta mer om vad vi kan g\u00f6ra f\u00f6r dig? Boka tid f\u00f6r ett kostnadsfritt f\u00f6rsta m\u00f6te.<\/p>\n\n<p><a href=\"https:\/\/italienbyran.se\/index.php\/kontakt\/\">L\u00e4s mer om hur du kontaktar oss<\/a><\/p>\n\n<p><a href=\"http:\/\/www.italienbloggen.se\">Italienbyr\u00e5n driver ocks\u00e5 Italienbloggen<\/a><\/p>\n\n<p>\u00a0<\/p>\n\t\t\t\t\t\t\t\t<\/div>\n\t\t\t\t<\/div>\n\t\t\t\t\t<\/div>\n\t\t\t\t<\/div>\n\t\t\t\t<\/div>\n\t\t","protected":false},"excerpt":{"rendered":"<p>Italienbyr\u00e5n AB drivs av mig, Karin Persson. Jag har \u00f6ver tjugo \u00e5rs erfarenhet av att jobba i och med Italien, bland annat som journalist. Under m\u00e5nga \u00e5r var jag reporter med Italien som specialomr\u00e5de, f\u00f6r Aftonbladet, Svenska Dagbladet och en l\u00e5ng rad magasin. De senaste \u00e5ren har jag arbetat som kommunikat\u00f6r. Italienbyr\u00e5n erbjuder tj\u00e4nster inom [&hellip;]<\/p>\n","protected":false},"author":1,"featured_media":0,"parent":0,"menu_order":0,"comment_status":"closed","ping_status":"closed","template":"","meta":{"footnotes":""},"class_list":["post-55","page","type-page","status-publish","hentry"],"yoast_head":"<!-- This site is optimized with the Yoast SEO plugin v27.4 - https:\/\/yoast.com\/product\/yoast-seo-wordpress\/ -->\n<title>Om Italienbyr\u00e5n - Italienbyr\u00e5n Kommunikation och r\u00e5dgivning i Italien.<\/title>\n<meta name=\"description\" content=\"Italienbyr\u00e5n erbjuder tj\u00e4nster inom kommunikation, kontaktbyggande och r\u00e5dgivning i Italien.\" \/>\n<meta name=\"robots\" content=\"index, follow, max-snippet:-1, max-image-preview:large, max-video-preview:-1\" \/>\n<link rel=\"canonical\" href=\"https:\/\/italienbyran.se\/index.php\/om-oss\/\" \/>\n<meta property=\"og:locale\" content=\"sv_SE\" \/>\n<meta property=\"og:type\" content=\"article\" \/>\n<meta property=\"og:title\" content=\"Om Italienbyr\u00e5n - Italienbyr\u00e5n Kommunikation och r\u00e5dgivning i Italien.\" \/>\n<meta property=\"og:description\" content=\"Italienbyr\u00e5n erbjuder tj\u00e4nster inom kommunikation, kontaktbyggande och r\u00e5dgivning i Italien.\" \/>\n<meta property=\"og:url\" content=\"https:\/\/italienbyran.se\/index.php\/om-oss\/\" \/>\n<meta property=\"og:site_name\" content=\"Italienbyr\u00e5n\" \/>\n<meta property=\"article:modified_time\" content=\"2025-06-01T03:47:32+00:00\" \/>\n<meta name=\"twitter:card\" content=\"summary_large_image\" \/>\n<meta name=\"twitter:label1\" content=\"Ber\u00e4knad l\u00e4stid\" \/>\n\t<meta name=\"twitter:data1\" content=\"1 minut\" \/>\n<script type=\"application\/ld+json\" class=\"yoast-schema-graph\">{\"@context\":\"https:\\\/\\\/schema.org\",\"@graph\":[{\"@type\":\"WebPage\",\"@id\":\"https:\\\/\\\/italienbyran.se\\\/index.php\\\/om-oss\\\/\",\"url\":\"https:\\\/\\\/italienbyran.se\\\/index.php\\\/om-oss\\\/\",\"name\":\"Om Italienbyr\u00e5n - Italienbyr\u00e5n Kommunikation och r\u00e5dgivning i Italien.\",\"isPartOf\":{\"@id\":\"https:\\\/\\\/italienbyran.se\\\/#website\"},\"datePublished\":\"2025-02-08T13:27:58+00:00\",\"dateModified\":\"2025-06-01T03:47:32+00:00\",\"description\":\"Italienbyr\u00e5n erbjuder tj\u00e4nster inom kommunikation, kontaktbyggande och r\u00e5dgivning i Italien.\",\"breadcrumb\":{\"@id\":\"https:\\\/\\\/italienbyran.se\\\/index.php\\\/om-oss\\\/#breadcrumb\"},\"inLanguage\":\"sv-SE\",\"potentialAction\":[{\"@type\":\"ReadAction\",\"target\":[\"https:\\\/\\\/italienbyran.se\\\/index.php\\\/om-oss\\\/\"]}]},{\"@type\":\"BreadcrumbList\",\"@id\":\"https:\\\/\\\/italienbyran.se\\\/index.php\\\/om-oss\\\/#breadcrumb\",\"itemListElement\":[{\"@type\":\"ListItem\",\"position\":1,\"name\":\"Hem\",\"item\":\"https:\\\/\\\/italienbyran.se\\\/\"},{\"@type\":\"ListItem\",\"position\":2,\"name\":\"Om Italienbyr\u00e5n\"}]},{\"@type\":\"WebSite\",\"@id\":\"https:\\\/\\\/italienbyran.se\\\/#website\",\"url\":\"https:\\\/\\\/italienbyran.se\\\/\",\"name\":\"Italienbyr\u00e5n\",\"description\":\"\",\"potentialAction\":[{\"@type\":\"SearchAction\",\"target\":{\"@type\":\"EntryPoint\",\"urlTemplate\":\"https:\\\/\\\/italienbyran.se\\\/?s={search_term_string}\"},\"query-input\":{\"@type\":\"PropertyValueSpecification\",\"valueRequired\":true,\"valueName\":\"search_term_string\"}}],\"inLanguage\":\"sv-SE\"}]}<\/script>\n<!-- \/ Yoast SEO plugin. -->","yoast_head_json":{"title":"Om Italienbyr\u00e5n - Italienbyr\u00e5n Kommunikation och r\u00e5dgivning i Italien.","description":"Italienbyr\u00e5n erbjuder tj\u00e4nster inom kommunikation, kontaktbyggande och r\u00e5dgivning i Italien.","robots":{"index":"index","follow":"follow","max-snippet":"max-snippet:-1","max-image-preview":"max-image-preview:large","max-video-preview":"max-video-preview:-1"},"canonical":"https:\/\/italienbyran.se\/index.php\/om-oss\/","og_locale":"sv_SE","og_type":"article","og_title":"Om Italienbyr\u00e5n - Italienbyr\u00e5n Kommunikation och r\u00e5dgivning i Italien.","og_description":"Italienbyr\u00e5n erbjuder tj\u00e4nster inom kommunikation, kontaktbyggande och r\u00e5dgivning i Italien.","og_url":"https:\/\/italienbyran.se\/index.php\/om-oss\/","og_site_name":"Italienbyr\u00e5n","article_modified_time":"2025-06-01T03:47:32+00:00","twitter_card":"summary_large_image","twitter_misc":{"Ber\u00e4knad l\u00e4stid":"1 minut"},"schema":{"@context":"https:\/\/schema.org","@graph":[{"@type":"WebPage","@id":"https:\/\/italienbyran.se\/index.php\/om-oss\/","url":"https:\/\/italienbyran.se\/index.php\/om-oss\/","name":"Om Italienbyr\u00e5n - Italienbyr\u00e5n Kommunikation och r\u00e5dgivning i Italien.","isPartOf":{"@id":"https:\/\/italienbyran.se\/#website"},"datePublished":"2025-02-08T13:27:58+00:00","dateModified":"2025-06-01T03:47:32+00:00","description":"Italienbyr\u00e5n erbjuder tj\u00e4nster inom kommunikation, kontaktbyggande och r\u00e5dgivning i Italien.","breadcrumb":{"@id":"https:\/\/italienbyran.se\/index.php\/om-oss\/#breadcrumb"},"inLanguage":"sv-SE","potentialAction":[{"@type":"ReadAction","target":["https:\/\/italienbyran.se\/index.php\/om-oss\/"]}]},{"@type":"BreadcrumbList","@id":"https:\/\/italienbyran.se\/index.php\/om-oss\/#breadcrumb","itemListElement":[{"@type":"ListItem","position":1,"name":"Hem","item":"https:\/\/italienbyran.se\/"},{"@type":"ListItem","position":2,"name":"Om Italienbyr\u00e5n"}]},{"@type":"WebSite","@id":"https:\/\/italienbyran.se\/#website","url":"https:\/\/italienbyran.se\/","name":"Italienbyr\u00e5n","description":"","potentialAction":[{"@type":"SearchAction","target":{"@type":"EntryPoint","urlTemplate":"https:\/\/italienbyran.se\/?s={search_term_string}"},"query-input":{"@type":"PropertyValueSpecification","valueRequired":true,"valueName":"search_term_string"}}],"inLanguage":"sv-SE"}]}},"jetpack_sharing_enabled":true,"_links":{"self":[{"href":"https:\/\/italienbyran.se\/index.php\/wp-json\/wp\/v2\/pages\/55","targetHints":{"allow":["GET"]}}],"collection":[{"href":"https:\/\/italienbyran.se\/index.php\/wp-json\/wp\/v2\/pages"}],"about":[{"href":"https:\/\/italienbyran.se\/index.php\/wp-json\/wp\/v2\/types\/page"}],"author":[{"embeddable":true,"href":"https:\/\/italienbyran.se\/index.php\/wp-json\/wp\/v2\/users\/1"}],"replies":[{"embeddable":true,"href":"https:\/\/italienbyran.se\/index.php\/wp-json\/wp\/v2\/comments?post=55"}],"version-history":[{"count":14,"href":"https:\/\/italienbyran.se\/index.php\/wp-json\/wp\/v2\/pages\/55\/revisions"}],"predecessor-version":[{"id":267,"href":"https:\/\/italienbyran.se\/index.php\/wp-json\/wp\/v2\/pages\/55\/revisions\/267"}],"wp:attachment":[{"href":"https:\/\/italienbyran.se\/index.php\/wp-json\/wp\/v2\/media?parent=55"}],"curies":[{"name":"wp","href":"https:\/\/api.w.org\/{rel}","templated":true}]}}