{"id":297,"date":"2025-08-07T07:51:45","date_gmt":"2025-08-07T07:51:45","guid":{"rendered":"https:\/\/italienbyran.se\/?page_id=297"},"modified":"2025-08-07T08:23:19","modified_gmt":"2025-08-07T08:23:19","slug":"hus-till-salu-i-italien","status":"publish","type":"page","link":"https:\/\/italienbyran.se\/index.php\/hus-till-salu-i-italien\/","title":{"rendered":"Hus till salu i Italien"},"content":{"rendered":"\t\t<div data-elementor-type=\"wp-page\" data-elementor-id=\"297\" class=\"elementor elementor-297\">\n\t\t\t\t<div class=\"elementor-element elementor-element-e9283f6 e-flex e-con-boxed e-con e-parent\" data-id=\"e9283f6\" data-element_type=\"container\">\n\t\t\t\t\t<div class=\"e-con-inner\">\n\t\t\t\t<div class=\"elementor-element elementor-element-3fd9366 elementor-widget elementor-widget-video\" data-id=\"3fd9366\" data-element_type=\"widget\" data-settings=\"{&quot;video_type&quot;:&quot;hosted&quot;,&quot;controls&quot;:&quot;yes&quot;}\" data-widget_type=\"video.default\">\n\t\t\t\t<div class=\"elementor-widget-container\">\n\t\t\t\t\t\t\t<div class=\"e-hosted-video elementor-wrapper elementor-open-inline\">\n\t\t\t\t\t<video class=\"elementor-video\" src=\"https:\/\/italienbyran.se\/wp-content\/uploads\/2025\/08\/VIDEO-2025-07-24-10-12-43.mp4\" controls=\"\" preload=\"metadata\" controlsList=\"nodownload\" poster=\"https:\/\/italienbyran.se\/wp-content\/uploads\/2025\/08\/Skarmavbild-2025-08-07-kl.-10.07.35-scaled.png\"><\/video>\n\t\t\t\t<\/div>\n\t\t\t\t\t\t<\/div>\n\t\t\t\t<\/div>\n\t\t\t\t\t<\/div>\n\t\t\t\t<\/div>\n\t\t<div class=\"elementor-element elementor-element-caeee2c e-flex e-con-boxed e-con e-parent\" data-id=\"caeee2c\" data-element_type=\"container\">\n\t\t\t\t\t<div class=\"e-con-inner\">\n\t\t\t\t<div class=\"elementor-element elementor-element-c8349a4 elementor-widget elementor-widget-text-editor\" data-id=\"c8349a4\" data-element_type=\"widget\" data-widget_type=\"text-editor.default\">\n\t\t\t\t<div class=\"elementor-widget-container\">\n\t\t\t\t\t\t\t\t\t<h1>Villa i Scopello p\u00e5 Sicilien<\/h1><p>Villa till salu i Scopello, i Punta Pispisa-omr\u00e5det.<\/p><p>Hus med direkt tillg\u00e5ng till havet, p\u00e5 promenadavst\u00e5nd fr\u00e5n den livliga byn Scopello och p\u00e5 simavst\u00e5nd fr\u00e5n de k\u00e4nda klippformationerna Faraglioni di Scopello. Staden Castellamare del Golfo ligger bara en kort resa bort.\u00a0<\/p><p>Enplansvillan \u00e4r rymlig och ljus. Ing\u00e5ng sker b\u00e5de fr\u00e5n k\u00f6ket och via en stor skjutd\u00f6rr som, n\u00e4r den \u00f6ppnas, f\u00f6rbinder inomhusmilj\u00f6n med med utomhusmilj\u00f6n p\u00e5 ett h\u00e4rligt s\u00e4tt.<\/p><p>De fyra sovrummen rymmer en stor familj och\/eller m\u00e5nga g\u00e4ster. Det stora vardagsrummet\/matsalen blir en trevlig samlingsplats \u00e4ven p\u00e5 vintern, tack vare den \u00f6ppna spisen.<\/p><p>Huset har tre badrum.<\/p><p>Villans sanna hj\u00e4rta \u00e4r utomhusomr\u00e5det. H\u00e4r finns ett stort utek\u00f6k och en fin tr\u00e4dg\u00e5rd full av v\u00e4xter. En praktisk baldakin t\u00e4cker ett omr\u00e5de framf\u00f6r vardagsrummet och rymmer ett stort matbord och en bekv\u00e4m loungedel. I tr\u00e4dg\u00e5rden finns ocks\u00e5 ett duschomr\u00e5de d\u00e4r du kan tv\u00e4tta av dig saltet efter ett dopp i Scopello-kustens vackra vatten. Gott om parkeringsutrymme finns.<\/p><p>F\u00f6lj med p\u00e5 en rundtur i huset i filmen ovan.<\/p><h2>Fakta<\/h2><p>Storlek: Cirka 151 kvm<br \/>Skick: Gott<br \/>Pris: 460 000 euro<br \/>M\u00e4klare: Vale Immobiliare<br \/><a href=\"https:\/\/italienbyran.se\/index.php\/kontakt\/\">Kontakt: karin@italienbyran.se<\/a><\/p>\t\t\t\t\t\t\t\t<\/div>\n\t\t\t\t<\/div>\n\t\t\t\t\t<\/div>\n\t\t\t\t<\/div>\n\t\t\t\t<\/div>\n\t\t","protected":false},"excerpt":{"rendered":"<p>https:\/\/italienbyran.se\/wp-content\/uploads\/2025\/08\/VIDEO-2025-07-24-10-12-43.mp4 Villa i Scopello p\u00e5 Sicilien Villa till salu i Scopello, i Punta Pispisa-omr\u00e5det. Hus med direkt tillg\u00e5ng till havet, p\u00e5 promenadavst\u00e5nd fr\u00e5n den livliga byn Scopello och p\u00e5 simavst\u00e5nd fr\u00e5n de k\u00e4nda klippformationerna Faraglioni di Scopello. Staden Castellamare del Golfo ligger bara en kort resa bort.\u00a0 Enplansvillan \u00e4r rymlig och ljus. Ing\u00e5ng sker b\u00e5de [&hellip;]<\/p>\n","protected":false},"author":1,"featured_media":0,"parent":0,"menu_order":0,"comment_status":"closed","ping_status":"closed","template":"","meta":{"footnotes":""},"class_list":["post-297","page","type-page","status-publish","hentry"],"yoast_head":"<!-- This site is optimized with the Yoast SEO plugin v27.4 - https:\/\/yoast.com\/product\/yoast-seo-wordpress\/ -->\n<title>Hus till salu i Italien - Italienbyr\u00e5n<\/title>\n<meta name=\"description\" content=\"H\u00e4r hittar du hus till salu i Italien genom italienska fastighetsm\u00e4klare.\" \/>\n<meta name=\"robots\" content=\"index, follow, max-snippet:-1, max-image-preview:large, max-video-preview:-1\" \/>\n<link rel=\"canonical\" href=\"https:\/\/italienbyran.se\/index.php\/hus-till-salu-i-italien\/\" \/>\n<meta property=\"og:locale\" content=\"sv_SE\" \/>\n<meta property=\"og:type\" content=\"article\" \/>\n<meta property=\"og:title\" content=\"Hus till salu i Italien - Italienbyr\u00e5n\" \/>\n<meta property=\"og:description\" content=\"H\u00e4r hittar du hus till salu i Italien genom italienska fastighetsm\u00e4klare.\" \/>\n<meta property=\"og:url\" content=\"https:\/\/italienbyran.se\/index.php\/hus-till-salu-i-italien\/\" \/>\n<meta property=\"og:site_name\" content=\"Italienbyr\u00e5n\" \/>\n<meta property=\"article:modified_time\" content=\"2025-08-07T08:23:19+00:00\" \/>\n<meta name=\"twitter:card\" content=\"summary_large_image\" \/>\n<meta name=\"twitter:label1\" content=\"Ber\u00e4knad l\u00e4stid\" \/>\n\t<meta name=\"twitter:data1\" content=\"1 minut\" \/>\n<script type=\"application\/ld+json\" class=\"yoast-schema-graph\">{\"@context\":\"https:\\\/\\\/schema.org\",\"@graph\":[{\"@type\":\"WebPage\",\"@id\":\"https:\\\/\\\/italienbyran.se\\\/index.php\\\/hus-till-salu-i-italien\\\/\",\"url\":\"https:\\\/\\\/italienbyran.se\\\/index.php\\\/hus-till-salu-i-italien\\\/\",\"name\":\"Hus till salu i Italien - Italienbyr\u00e5n\",\"isPartOf\":{\"@id\":\"https:\\\/\\\/italienbyran.se\\\/#website\"},\"datePublished\":\"2025-08-07T07:51:45+00:00\",\"dateModified\":\"2025-08-07T08:23:19+00:00\",\"description\":\"H\u00e4r hittar du hus till salu i Italien genom italienska fastighetsm\u00e4klare.\",\"breadcrumb\":{\"@id\":\"https:\\\/\\\/italienbyran.se\\\/index.php\\\/hus-till-salu-i-italien\\\/#breadcrumb\"},\"inLanguage\":\"sv-SE\",\"potentialAction\":[{\"@type\":\"ReadAction\",\"target\":[\"https:\\\/\\\/italienbyran.se\\\/index.php\\\/hus-till-salu-i-italien\\\/\"]}]},{\"@type\":\"BreadcrumbList\",\"@id\":\"https:\\\/\\\/italienbyran.se\\\/index.php\\\/hus-till-salu-i-italien\\\/#breadcrumb\",\"itemListElement\":[{\"@type\":\"ListItem\",\"position\":1,\"name\":\"Hem\",\"item\":\"https:\\\/\\\/italienbyran.se\\\/\"},{\"@type\":\"ListItem\",\"position\":2,\"name\":\"Hus till salu i Italien\"}]},{\"@type\":\"WebSite\",\"@id\":\"https:\\\/\\\/italienbyran.se\\\/#website\",\"url\":\"https:\\\/\\\/italienbyran.se\\\/\",\"name\":\"Italienbyr\u00e5n\",\"description\":\"\",\"potentialAction\":[{\"@type\":\"SearchAction\",\"target\":{\"@type\":\"EntryPoint\",\"urlTemplate\":\"https:\\\/\\\/italienbyran.se\\\/?s={search_term_string}\"},\"query-input\":{\"@type\":\"PropertyValueSpecification\",\"valueRequired\":true,\"valueName\":\"search_term_string\"}}],\"inLanguage\":\"sv-SE\"}]}<\/script>\n<!-- \/ Yoast SEO plugin. -->","yoast_head_json":{"title":"Hus till salu i Italien - Italienbyr\u00e5n","description":"H\u00e4r hittar du hus till salu i Italien genom italienska fastighetsm\u00e4klare.","robots":{"index":"index","follow":"follow","max-snippet":"max-snippet:-1","max-image-preview":"max-image-preview:large","max-video-preview":"max-video-preview:-1"},"canonical":"https:\/\/italienbyran.se\/index.php\/hus-till-salu-i-italien\/","og_locale":"sv_SE","og_type":"article","og_title":"Hus till salu i Italien - Italienbyr\u00e5n","og_description":"H\u00e4r hittar du hus till salu i Italien genom italienska fastighetsm\u00e4klare.","og_url":"https:\/\/italienbyran.se\/index.php\/hus-till-salu-i-italien\/","og_site_name":"Italienbyr\u00e5n","article_modified_time":"2025-08-07T08:23:19+00:00","twitter_card":"summary_large_image","twitter_misc":{"Ber\u00e4knad l\u00e4stid":"1 minut"},"schema":{"@context":"https:\/\/schema.org","@graph":[{"@type":"WebPage","@id":"https:\/\/italienbyran.se\/index.php\/hus-till-salu-i-italien\/","url":"https:\/\/italienbyran.se\/index.php\/hus-till-salu-i-italien\/","name":"Hus till salu i Italien - Italienbyr\u00e5n","isPartOf":{"@id":"https:\/\/italienbyran.se\/#website"},"datePublished":"2025-08-07T07:51:45+00:00","dateModified":"2025-08-07T08:23:19+00:00","description":"H\u00e4r hittar du hus till salu i Italien genom italienska fastighetsm\u00e4klare.","breadcrumb":{"@id":"https:\/\/italienbyran.se\/index.php\/hus-till-salu-i-italien\/#breadcrumb"},"inLanguage":"sv-SE","potentialAction":[{"@type":"ReadAction","target":["https:\/\/italienbyran.se\/index.php\/hus-till-salu-i-italien\/"]}]},{"@type":"BreadcrumbList","@id":"https:\/\/italienbyran.se\/index.php\/hus-till-salu-i-italien\/#breadcrumb","itemListElement":[{"@type":"ListItem","position":1,"name":"Hem","item":"https:\/\/italienbyran.se\/"},{"@type":"ListItem","position":2,"name":"Hus till salu i Italien"}]},{"@type":"WebSite","@id":"https:\/\/italienbyran.se\/#website","url":"https:\/\/italienbyran.se\/","name":"Italienbyr\u00e5n","description":"","potentialAction":[{"@type":"SearchAction","target":{"@type":"EntryPoint","urlTemplate":"https:\/\/italienbyran.se\/?s={search_term_string}"},"query-input":{"@type":"PropertyValueSpecification","valueRequired":true,"valueName":"search_term_string"}}],"inLanguage":"sv-SE"}]}},"jetpack_sharing_enabled":true,"_links":{"self":[{"href":"https:\/\/italienbyran.se\/index.php\/wp-json\/wp\/v2\/pages\/297","targetHints":{"allow":["GET"]}}],"collection":[{"href":"https:\/\/italienbyran.se\/index.php\/wp-json\/wp\/v2\/pages"}],"about":[{"href":"https:\/\/italienbyran.se\/index.php\/wp-json\/wp\/v2\/types\/page"}],"author":[{"embeddable":true,"href":"https:\/\/italienbyran.se\/index.php\/wp-json\/wp\/v2\/users\/1"}],"replies":[{"embeddable":true,"href":"https:\/\/italienbyran.se\/index.php\/wp-json\/wp\/v2\/comments?post=297"}],"version-history":[{"count":25,"href":"https:\/\/italienbyran.se\/index.php\/wp-json\/wp\/v2\/pages\/297\/revisions"}],"predecessor-version":[{"id":328,"href":"https:\/\/italienbyran.se\/index.php\/wp-json\/wp\/v2\/pages\/297\/revisions\/328"}],"wp:attachment":[{"href":"https:\/\/italienbyran.se\/index.php\/wp-json\/wp\/v2\/media?parent=297"}],"curies":[{"name":"wp","href":"https:\/\/api.w.org\/{rel}","templated":true}]}}