{"id":19,"date":"2025-02-07T16:18:54","date_gmt":"2025-02-07T16:18:54","guid":{"rendered":"https:\/\/italienbyran.se\/?page_id=19"},"modified":"2025-03-10T05:48:13","modified_gmt":"2025-03-10T05:48:13","slug":"kontakt","status":"publish","type":"page","link":"https:\/\/italienbyran.se\/index.php\/kontakt\/","title":{"rendered":"Kontakt"},"content":{"rendered":"\n<p>Italienbyr\u00e5n erbjuder tj\u00e4nster inom kommunikation, kontaktbyggande, content och r\u00e5dgivning kopplade till Italien.<\/p>\n\n\n\n<p>Kontakta Karin Persson p\u00e5: karin@italienbyran.se<\/p>\n\n\n\n<p>Jag finns ocks\u00e5 p\u00e5 Instagram: <a href=\"http:\/\/www.instagram.com\/karinsitalien\">@karinsitalien<\/a><\/p>\n\n\n\n<p><a href=\"https:\/\/italienbyran.se\/index.php\/om-oss\/\">L\u00e4s mer om oss<\/a><\/p>\n\n\n\n<p><\/p>\n","protected":false},"excerpt":{"rendered":"<p>Italienbyr\u00e5n erbjuder tj\u00e4nster inom kommunikation, kontaktbyggande, content och r\u00e5dgivning kopplade till Italien. Kontakta Karin Persson p\u00e5: karin@italienbyran.se Jag finns ocks\u00e5 p\u00e5 Instagram: @karinsitalien L\u00e4s mer om oss<\/p>\n","protected":false},"author":1,"featured_media":0,"parent":0,"menu_order":0,"comment_status":"closed","ping_status":"closed","template":"","meta":{"footnotes":""},"class_list":["post-19","page","type-page","status-publish","hentry"],"yoast_head":"<!-- This site is optimized with the Yoast SEO plugin v27.4 - https:\/\/yoast.com\/product\/yoast-seo-wordpress\/ -->\n<title>Kontakt - Italienbyr\u00e5n Tj\u00e4nster inom kommunikation i Italien<\/title>\n<meta name=\"description\" content=\"Vi hj\u00e4lper dig med kommunikation och kontakter vid till exempel husk\u00f6p i Italien. Kontakta Italienbyr\u00e5n f\u00f6r ett kostnadsfritt m\u00f6te.\" \/>\n<meta name=\"robots\" content=\"index, follow, max-snippet:-1, max-image-preview:large, max-video-preview:-1\" \/>\n<link rel=\"canonical\" href=\"https:\/\/italienbyran.se\/index.php\/kontakt\/\" \/>\n<meta property=\"og:locale\" content=\"sv_SE\" \/>\n<meta property=\"og:type\" content=\"article\" \/>\n<meta property=\"og:title\" content=\"Kontakt - Italienbyr\u00e5n Tj\u00e4nster inom kommunikation i Italien\" \/>\n<meta property=\"og:description\" content=\"Vi hj\u00e4lper dig med kommunikation och kontakter vid till exempel husk\u00f6p i Italien. Kontakta Italienbyr\u00e5n f\u00f6r ett kostnadsfritt m\u00f6te.\" \/>\n<meta property=\"og:url\" content=\"https:\/\/italienbyran.se\/index.php\/kontakt\/\" \/>\n<meta property=\"og:site_name\" content=\"Italienbyr\u00e5n\" \/>\n<meta property=\"article:modified_time\" content=\"2025-03-10T05:48:13+00:00\" \/>\n<meta name=\"twitter:card\" content=\"summary_large_image\" \/>\n<meta name=\"twitter:label1\" content=\"Ber\u00e4knad l\u00e4stid\" \/>\n\t<meta name=\"twitter:data1\" content=\"1 minut\" \/>\n<script type=\"application\/ld+json\" class=\"yoast-schema-graph\">{\"@context\":\"https:\\\/\\\/schema.org\",\"@graph\":[{\"@type\":\"WebPage\",\"@id\":\"https:\\\/\\\/italienbyran.se\\\/index.php\\\/kontakt\\\/\",\"url\":\"https:\\\/\\\/italienbyran.se\\\/index.php\\\/kontakt\\\/\",\"name\":\"Kontakt - Italienbyr\u00e5n Tj\u00e4nster inom kommunikation i Italien\",\"isPartOf\":{\"@id\":\"https:\\\/\\\/italienbyran.se\\\/#website\"},\"datePublished\":\"2025-02-07T16:18:54+00:00\",\"dateModified\":\"2025-03-10T05:48:13+00:00\",\"description\":\"Vi hj\u00e4lper dig med kommunikation och kontakter vid till exempel husk\u00f6p i Italien. Kontakta Italienbyr\u00e5n f\u00f6r ett kostnadsfritt m\u00f6te.\",\"breadcrumb\":{\"@id\":\"https:\\\/\\\/italienbyran.se\\\/index.php\\\/kontakt\\\/#breadcrumb\"},\"inLanguage\":\"sv-SE\",\"potentialAction\":[{\"@type\":\"ReadAction\",\"target\":[\"https:\\\/\\\/italienbyran.se\\\/index.php\\\/kontakt\\\/\"]}]},{\"@type\":\"BreadcrumbList\",\"@id\":\"https:\\\/\\\/italienbyran.se\\\/index.php\\\/kontakt\\\/#breadcrumb\",\"itemListElement\":[{\"@type\":\"ListItem\",\"position\":1,\"name\":\"Hem\",\"item\":\"https:\\\/\\\/italienbyran.se\\\/\"},{\"@type\":\"ListItem\",\"position\":2,\"name\":\"Kontakt\"}]},{\"@type\":\"WebSite\",\"@id\":\"https:\\\/\\\/italienbyran.se\\\/#website\",\"url\":\"https:\\\/\\\/italienbyran.se\\\/\",\"name\":\"Italienbyr\u00e5n\",\"description\":\"\",\"potentialAction\":[{\"@type\":\"SearchAction\",\"target\":{\"@type\":\"EntryPoint\",\"urlTemplate\":\"https:\\\/\\\/italienbyran.se\\\/?s={search_term_string}\"},\"query-input\":{\"@type\":\"PropertyValueSpecification\",\"valueRequired\":true,\"valueName\":\"search_term_string\"}}],\"inLanguage\":\"sv-SE\"}]}<\/script>\n<!-- \/ Yoast SEO plugin. -->","yoast_head_json":{"title":"Kontakt - Italienbyr\u00e5n Tj\u00e4nster inom kommunikation i Italien","description":"Vi hj\u00e4lper dig med kommunikation och kontakter vid till exempel husk\u00f6p i Italien. Kontakta Italienbyr\u00e5n f\u00f6r ett kostnadsfritt m\u00f6te.","robots":{"index":"index","follow":"follow","max-snippet":"max-snippet:-1","max-image-preview":"max-image-preview:large","max-video-preview":"max-video-preview:-1"},"canonical":"https:\/\/italienbyran.se\/index.php\/kontakt\/","og_locale":"sv_SE","og_type":"article","og_title":"Kontakt - Italienbyr\u00e5n Tj\u00e4nster inom kommunikation i Italien","og_description":"Vi hj\u00e4lper dig med kommunikation och kontakter vid till exempel husk\u00f6p i Italien. Kontakta Italienbyr\u00e5n f\u00f6r ett kostnadsfritt m\u00f6te.","og_url":"https:\/\/italienbyran.se\/index.php\/kontakt\/","og_site_name":"Italienbyr\u00e5n","article_modified_time":"2025-03-10T05:48:13+00:00","twitter_card":"summary_large_image","twitter_misc":{"Ber\u00e4knad l\u00e4stid":"1 minut"},"schema":{"@context":"https:\/\/schema.org","@graph":[{"@type":"WebPage","@id":"https:\/\/italienbyran.se\/index.php\/kontakt\/","url":"https:\/\/italienbyran.se\/index.php\/kontakt\/","name":"Kontakt - Italienbyr\u00e5n Tj\u00e4nster inom kommunikation i Italien","isPartOf":{"@id":"https:\/\/italienbyran.se\/#website"},"datePublished":"2025-02-07T16:18:54+00:00","dateModified":"2025-03-10T05:48:13+00:00","description":"Vi hj\u00e4lper dig med kommunikation och kontakter vid till exempel husk\u00f6p i Italien. Kontakta Italienbyr\u00e5n f\u00f6r ett kostnadsfritt m\u00f6te.","breadcrumb":{"@id":"https:\/\/italienbyran.se\/index.php\/kontakt\/#breadcrumb"},"inLanguage":"sv-SE","potentialAction":[{"@type":"ReadAction","target":["https:\/\/italienbyran.se\/index.php\/kontakt\/"]}]},{"@type":"BreadcrumbList","@id":"https:\/\/italienbyran.se\/index.php\/kontakt\/#breadcrumb","itemListElement":[{"@type":"ListItem","position":1,"name":"Hem","item":"https:\/\/italienbyran.se\/"},{"@type":"ListItem","position":2,"name":"Kontakt"}]},{"@type":"WebSite","@id":"https:\/\/italienbyran.se\/#website","url":"https:\/\/italienbyran.se\/","name":"Italienbyr\u00e5n","description":"","potentialAction":[{"@type":"SearchAction","target":{"@type":"EntryPoint","urlTemplate":"https:\/\/italienbyran.se\/?s={search_term_string}"},"query-input":{"@type":"PropertyValueSpecification","valueRequired":true,"valueName":"search_term_string"}}],"inLanguage":"sv-SE"}]}},"jetpack_sharing_enabled":true,"_links":{"self":[{"href":"https:\/\/italienbyran.se\/index.php\/wp-json\/wp\/v2\/pages\/19","targetHints":{"allow":["GET"]}}],"collection":[{"href":"https:\/\/italienbyran.se\/index.php\/wp-json\/wp\/v2\/pages"}],"about":[{"href":"https:\/\/italienbyran.se\/index.php\/wp-json\/wp\/v2\/types\/page"}],"author":[{"embeddable":true,"href":"https:\/\/italienbyran.se\/index.php\/wp-json\/wp\/v2\/users\/1"}],"replies":[{"embeddable":true,"href":"https:\/\/italienbyran.se\/index.php\/wp-json\/wp\/v2\/comments?post=19"}],"version-history":[{"count":4,"href":"https:\/\/italienbyran.se\/index.php\/wp-json\/wp\/v2\/pages\/19\/revisions"}],"predecessor-version":[{"id":129,"href":"https:\/\/italienbyran.se\/index.php\/wp-json\/wp\/v2\/pages\/19\/revisions\/129"}],"wp:attachment":[{"href":"https:\/\/italienbyran.se\/index.php\/wp-json\/wp\/v2\/media?parent=19"}],"curies":[{"name":"wp","href":"https:\/\/api.w.org\/{rel}","templated":true}]}}