{"id":130,"date":"2025-03-10T13:31:42","date_gmt":"2025-03-10T13:31:42","guid":{"rendered":"https:\/\/italienbyran.se\/?page_id=130"},"modified":"2025-03-24T10:17:50","modified_gmt":"2025-03-24T10:17:50","slug":"tjanster","status":"publish","type":"page","link":"https:\/\/italienbyran.se\/index.php\/tjanster\/","title":{"rendered":"Tj\u00e4nster"},"content":{"rendered":"\t\t<div data-elementor-type=\"wp-page\" data-elementor-id=\"130\" class=\"elementor elementor-130\">\n\t\t\t\t<div class=\"elementor-element elementor-element-ee9984b e-flex e-con-boxed e-con e-parent\" data-id=\"ee9984b\" data-element_type=\"container\">\n\t\t\t\t\t<div class=\"e-con-inner\">\n\t\t\t\t<div class=\"elementor-element elementor-element-739e8f2 elementor-widget elementor-widget-text-editor\" data-id=\"739e8f2\" data-element_type=\"widget\" data-widget_type=\"text-editor.default\">\n\t\t\t\t<div class=\"elementor-widget-container\">\n\t\t\t\t\t\t\t\t\t<h1>Personlig r\u00e5dgivning<\/h1><p>Har du tankar p\u00e5 att k\u00f6pa hus i Italien, flytta dit eller starta verksamhet? D\u00e5 har du s\u00e4kert en m\u00e4ngd fr\u00e5gor. Det kan handla om allt fr\u00e5n vilket omr\u00e5de i Italien som passar dig och hur du hittar r\u00e4tt fastighetsm\u00e4klare, till vilka l\u00f6pande kostnader som tillkommer f\u00f6r att \u00e4ga en fastighet, skatter, hur man startar f\u00f6retag, statistik f\u00f6r uthyrning (t ex Airbnb) i olika omr\u00e5den och hur man f\u00e5r kontakt med hantverkare.<\/p><p>Vi erbjuder en timmes personlig konsultation utifr\u00e5n just din situation. Inf\u00f6r m\u00f6tet f\u00e5r du svara p\u00e5 ett antal fr\u00e5gor. Beroende p\u00e5 vad du vill prata om kan till exempel en jurist, arkitekt eller redovisningseknom medverka. M\u00f6tet sker p\u00e5 Zoom, eller annan l\u00e4mplig digital plattform.<\/p><h1>Property finding<\/h1><p>Vill du k\u00f6pa hus eller l\u00e4genhet i Italien men har sv\u00e5rt att hitta r\u00e4tt? Vi letar \u00e5t dig, utifr\u00e5n din budget och din plan med \u00e4gandet. I tj\u00e4nsten ing\u00e5r:<\/p><ul><li>Uppstartssamtal, en timme. Vi g\u00e5r igenom vad du letar efter, budget med genomg\u00e5ng av tillkommande skatter och andra kostnader, skick, \u00f6nskem\u00e5l om l\u00e4ge, m\u00f6jliga alternativ och vid intresse &#8211; hur uthyrningsm\u00f6jligheterna ser ut.<\/li><li>F\u00f6rslag p\u00e5 fastigheter, urval av fem stycken i samr\u00e5d med dig. Kontakt med m\u00e4klare g\u00e4llande de valda fastigheterna och insamlande av eventuell ytterligare information fr\u00e5n m\u00e4klaren.\u00a0<\/li><li>Bokning av visningar vid passande tillf\u00e4lle.\u00a0<\/li><\/ul><p>Extra tj\u00e4nster som inte ing\u00e5r, men som g\u00e5r att boka mot en kostnad:<\/p><ul><li>Kontakt med m\u00e4klare ang\u00e5ende fler valda alternativ \u00e4n fem.<\/li><li>Medf\u00f6ljare och spr\u00e5khj\u00e4lp vid vising.\u00a0<\/li><li>F\u00f6rdjupad analys av marknaden f\u00f6r uthyrning och statistik.<\/li><li>Hj\u00e4lp med byggtekniska och juridiska kontroller av fastigheten.\u00a0<\/li><\/ul><h1>Kommunikation<\/h1><p>Har du kanske k\u00f6rt fast i kommunikationen med m\u00e4klare\u00a0 eller n\u00e5gon annan roll\/myndighet i Italien? Kontakta oss s\u00e5 kan vi hj\u00e4lpa dig. I dessa \u00e4renden tar vi oftast betalt per timme.<\/p><h1>Komplett hj\u00e4lp med husk\u00f6p i Italien<\/h1><p>I samarbete med S&amp;P Law Firm. I tj\u00e4nsten ing\u00e5r:<\/p><ul><li>Uppstartsm\u00f6te, en timme.<\/li><li>Bokande av visningar p\u00e5 fastighet\/er som du sj\u00e4lv hittat eller som du hittat genom v\u00e5r property findning.<\/li><li>Koordinering mellan de olika rollerna som \u00e4r inblandade, till exempel m\u00e4klare, notarie, bank, advokater, byggtekniker, arkitekt och \u00f6vriga roller som kan vara aktuella f\u00f6r ditt projekt.\u00a0<\/li><li>F\u00f6rhandling av pris och villkor.<\/li><li>Registrering av codice fiscale (italienskt skatteregistreringsnummer).\u00a0<\/li><li>Prelimin\u00e4rt kontrakt med val av klausuler som passar dig och din situation.\u00a0<\/li><li>Juridiska kontroller av fastighetsdokumentationen.<\/li><li>Kontakt med byggtekniker som kan genomf\u00f6ra kontroller av fastigheten.<\/li><li>Hj\u00e4lp med hur betalning ska ske, s\u00e5v\u00e4l handpenning som slutbetalning.\u00a0<\/li><li>M\u00f6te med notarie, d\u00e4r vi kan representera dig genom fullmakt. Du kan v\u00e4lja att vara med eller medverka via videosamtal.<\/li><li>Slutkontrakt med bifogade f\u00f6rklaringar.<\/li><li>Hj\u00e4lp med att teckna avtal f\u00f6r el, vatten, gas och hemf\u00f6rs\u00e4kring.<\/li><li>Hj\u00e4lp med att \u00f6ppna bankkonto.\u00a0<\/li><\/ul><h1>Skr\u00e4ddarsydda tj\u00e4nster<\/h1><p>Hittar du inget som passar just dig bland v\u00e5ra tj\u00e4nster? H\u00f6r av dig s\u00e5 pratar vi om det.<\/p><p><a href=\"https:\/\/italienbyran.se\/index.php\/kontakt\/\">Vi erbjuder alltid ett kostnadsfritt digitalt m\u00f6te. Kontakta oss f\u00f6r en tid.<\/a><\/p>\t\t\t\t\t\t\t\t<\/div>\n\t\t\t\t<\/div>\n\t\t\t\t\t<\/div>\n\t\t\t\t<\/div>\n\t\t\t\t<\/div>\n\t\t","protected":false},"excerpt":{"rendered":"<p>Personlig r\u00e5dgivning Har du tankar p\u00e5 att k\u00f6pa hus i Italien, flytta dit eller starta verksamhet? D\u00e5 har du s\u00e4kert en m\u00e4ngd fr\u00e5gor. Det kan handla om allt fr\u00e5n vilket omr\u00e5de i Italien som passar dig och hur du hittar r\u00e4tt fastighetsm\u00e4klare, till vilka l\u00f6pande kostnader som tillkommer f\u00f6r att \u00e4ga en fastighet, skatter, hur [&hellip;]<\/p>\n","protected":false},"author":1,"featured_media":0,"parent":0,"menu_order":0,"comment_status":"closed","ping_status":"closed","template":"","meta":{"footnotes":""},"class_list":["post-130","page","type-page","status-publish","hentry"],"yoast_head":"<!-- This site is optimized with the Yoast SEO plugin v27.4 - https:\/\/yoast.com\/product\/yoast-seo-wordpress\/ -->\n<title>Tj\u00e4nster - Italienbyr\u00e5n<\/title>\n<meta name=\"description\" content=\"Vi kan erbjuda skr\u00e4ddarsydda konsultationer om val av omr\u00e5de i Italien, husk\u00f6p, flytt, renovering, uppstart av f\u00f6retag och skatter.\" \/>\n<meta name=\"robots\" content=\"index, follow, max-snippet:-1, max-image-preview:large, max-video-preview:-1\" \/>\n<link rel=\"canonical\" href=\"https:\/\/italienbyran.se\/index.php\/tjanster\/\" \/>\n<meta property=\"og:locale\" content=\"sv_SE\" \/>\n<meta property=\"og:type\" content=\"article\" \/>\n<meta property=\"og:title\" content=\"Tj\u00e4nster - Italienbyr\u00e5n\" \/>\n<meta property=\"og:description\" content=\"Vi kan erbjuda skr\u00e4ddarsydda konsultationer om val av omr\u00e5de i Italien, husk\u00f6p, flytt, renovering, uppstart av f\u00f6retag och skatter.\" \/>\n<meta property=\"og:url\" content=\"https:\/\/italienbyran.se\/index.php\/tjanster\/\" \/>\n<meta property=\"og:site_name\" content=\"Italienbyr\u00e5n\" \/>\n<meta property=\"article:modified_time\" content=\"2025-03-24T10:17:50+00:00\" \/>\n<meta name=\"twitter:card\" content=\"summary_large_image\" \/>\n<meta name=\"twitter:label1\" content=\"Ber\u00e4knad l\u00e4stid\" \/>\n\t<meta name=\"twitter:data1\" content=\"3 minuter\" \/>\n<script type=\"application\/ld+json\" class=\"yoast-schema-graph\">{\"@context\":\"https:\\\/\\\/schema.org\",\"@graph\":[{\"@type\":\"WebPage\",\"@id\":\"https:\\\/\\\/italienbyran.se\\\/index.php\\\/tjanster\\\/\",\"url\":\"https:\\\/\\\/italienbyran.se\\\/index.php\\\/tjanster\\\/\",\"name\":\"Tj\u00e4nster - Italienbyr\u00e5n\",\"isPartOf\":{\"@id\":\"https:\\\/\\\/italienbyran.se\\\/#website\"},\"datePublished\":\"2025-03-10T13:31:42+00:00\",\"dateModified\":\"2025-03-24T10:17:50+00:00\",\"description\":\"Vi kan erbjuda skr\u00e4ddarsydda konsultationer om val av omr\u00e5de i Italien, husk\u00f6p, flytt, renovering, uppstart av f\u00f6retag och skatter.\",\"breadcrumb\":{\"@id\":\"https:\\\/\\\/italienbyran.se\\\/index.php\\\/tjanster\\\/#breadcrumb\"},\"inLanguage\":\"sv-SE\",\"potentialAction\":[{\"@type\":\"ReadAction\",\"target\":[\"https:\\\/\\\/italienbyran.se\\\/index.php\\\/tjanster\\\/\"]}]},{\"@type\":\"BreadcrumbList\",\"@id\":\"https:\\\/\\\/italienbyran.se\\\/index.php\\\/tjanster\\\/#breadcrumb\",\"itemListElement\":[{\"@type\":\"ListItem\",\"position\":1,\"name\":\"Hem\",\"item\":\"https:\\\/\\\/italienbyran.se\\\/\"},{\"@type\":\"ListItem\",\"position\":2,\"name\":\"Tj\u00e4nster\"}]},{\"@type\":\"WebSite\",\"@id\":\"https:\\\/\\\/italienbyran.se\\\/#website\",\"url\":\"https:\\\/\\\/italienbyran.se\\\/\",\"name\":\"Italienbyr\u00e5n\",\"description\":\"\",\"potentialAction\":[{\"@type\":\"SearchAction\",\"target\":{\"@type\":\"EntryPoint\",\"urlTemplate\":\"https:\\\/\\\/italienbyran.se\\\/?s={search_term_string}\"},\"query-input\":{\"@type\":\"PropertyValueSpecification\",\"valueRequired\":true,\"valueName\":\"search_term_string\"}}],\"inLanguage\":\"sv-SE\"}]}<\/script>\n<!-- \/ Yoast SEO plugin. -->","yoast_head_json":{"title":"Tj\u00e4nster - Italienbyr\u00e5n","description":"Vi kan erbjuda skr\u00e4ddarsydda konsultationer om val av omr\u00e5de i Italien, husk\u00f6p, flytt, renovering, uppstart av f\u00f6retag och skatter.","robots":{"index":"index","follow":"follow","max-snippet":"max-snippet:-1","max-image-preview":"max-image-preview:large","max-video-preview":"max-video-preview:-1"},"canonical":"https:\/\/italienbyran.se\/index.php\/tjanster\/","og_locale":"sv_SE","og_type":"article","og_title":"Tj\u00e4nster - Italienbyr\u00e5n","og_description":"Vi kan erbjuda skr\u00e4ddarsydda konsultationer om val av omr\u00e5de i Italien, husk\u00f6p, flytt, renovering, uppstart av f\u00f6retag och skatter.","og_url":"https:\/\/italienbyran.se\/index.php\/tjanster\/","og_site_name":"Italienbyr\u00e5n","article_modified_time":"2025-03-24T10:17:50+00:00","twitter_card":"summary_large_image","twitter_misc":{"Ber\u00e4knad l\u00e4stid":"3 minuter"},"schema":{"@context":"https:\/\/schema.org","@graph":[{"@type":"WebPage","@id":"https:\/\/italienbyran.se\/index.php\/tjanster\/","url":"https:\/\/italienbyran.se\/index.php\/tjanster\/","name":"Tj\u00e4nster - Italienbyr\u00e5n","isPartOf":{"@id":"https:\/\/italienbyran.se\/#website"},"datePublished":"2025-03-10T13:31:42+00:00","dateModified":"2025-03-24T10:17:50+00:00","description":"Vi kan erbjuda skr\u00e4ddarsydda konsultationer om val av omr\u00e5de i Italien, husk\u00f6p, flytt, renovering, uppstart av f\u00f6retag och skatter.","breadcrumb":{"@id":"https:\/\/italienbyran.se\/index.php\/tjanster\/#breadcrumb"},"inLanguage":"sv-SE","potentialAction":[{"@type":"ReadAction","target":["https:\/\/italienbyran.se\/index.php\/tjanster\/"]}]},{"@type":"BreadcrumbList","@id":"https:\/\/italienbyran.se\/index.php\/tjanster\/#breadcrumb","itemListElement":[{"@type":"ListItem","position":1,"name":"Hem","item":"https:\/\/italienbyran.se\/"},{"@type":"ListItem","position":2,"name":"Tj\u00e4nster"}]},{"@type":"WebSite","@id":"https:\/\/italienbyran.se\/#website","url":"https:\/\/italienbyran.se\/","name":"Italienbyr\u00e5n","description":"","potentialAction":[{"@type":"SearchAction","target":{"@type":"EntryPoint","urlTemplate":"https:\/\/italienbyran.se\/?s={search_term_string}"},"query-input":{"@type":"PropertyValueSpecification","valueRequired":true,"valueName":"search_term_string"}}],"inLanguage":"sv-SE"}]}},"jetpack_sharing_enabled":true,"_links":{"self":[{"href":"https:\/\/italienbyran.se\/index.php\/wp-json\/wp\/v2\/pages\/130","targetHints":{"allow":["GET"]}}],"collection":[{"href":"https:\/\/italienbyran.se\/index.php\/wp-json\/wp\/v2\/pages"}],"about":[{"href":"https:\/\/italienbyran.se\/index.php\/wp-json\/wp\/v2\/types\/page"}],"author":[{"embeddable":true,"href":"https:\/\/italienbyran.se\/index.php\/wp-json\/wp\/v2\/users\/1"}],"replies":[{"embeddable":true,"href":"https:\/\/italienbyran.se\/index.php\/wp-json\/wp\/v2\/comments?post=130"}],"version-history":[{"count":80,"href":"https:\/\/italienbyran.se\/index.php\/wp-json\/wp\/v2\/pages\/130\/revisions"}],"predecessor-version":[{"id":221,"href":"https:\/\/italienbyran.se\/index.php\/wp-json\/wp\/v2\/pages\/130\/revisions\/221"}],"wp:attachment":[{"href":"https:\/\/italienbyran.se\/index.php\/wp-json\/wp\/v2\/media?parent=130"}],"curies":[{"name":"wp","href":"https:\/\/api.w.org\/{rel}","templated":true}]}}